{"id":899,"date":"2018-05-10T18:50:14","date_gmt":"2018-05-10T18:50:14","guid":{"rendered":"http:\/\/ecophoto.cl\/?page_id=899"},"modified":"2023-02-12T12:06:48","modified_gmt":"2023-02-12T12:06:48","slug":"nosotros","status":"publish","type":"page","link":"https:\/\/ecophoto.cl\/?page_id=899","title":{"rendered":"Nosotros"},"content":{"rendered":"<h4>Ubicados en la localidad de Puc\u00f3n, Regi\u00f3n de la Araucan\u00eda, Chile. Desarrollamos un turismo sustentable, con actividades de directa conexi\u00f3n con la naturaleza.<\/h4>\n<p>Enfoc\u00e1ndonos en la fotograf\u00eda como una de las herramientas de difusi\u00f3n y conservaci\u00f3n de la riqueza natural que nos rodea.<br \/>\nTe llevaremos a vivir una experiencia maravillosa donde desarrollaras la pasi\u00f3n por retratar el mundo que nos rodea.<br \/>\nAprender en terreno es unas de las ventajas que desarrollamos en nuestras excursiones.<br \/>\nNos especializamos en Astroturismo y trekking fotogr\u00e1ficos.<\/p>\n<p>Contamos con gu\u00edas de trekking certificados y con primeros auxilios en \u00e1reas remotas (WFR)<\/p>\n<p>Nuestro veh\u00edculo 4&#215;4 esta equipado para realizar traves\u00edas con seguridad. Cuenta con radio de comunicaci\u00f3n, barras antivuelco, elementos de recuperaci\u00f3n, freezer y servicio de Coffee en todo momento. Adem\u00e1s de toldo impermeable para la comodidad de nuestros pasajeros.<br \/>\nConductor Profesional A2<br \/>\nNos preocupamos de crear un concepto de manejo responsable y amigable con el medio ambiente, creando conciencia y dirigiendo al correcto uso de los veh\u00edculos 4\u00d74 con un bajo nivel de impacto.<\/p>\n<p><a href=\" http:\/\/ecophoto.cl\/?page_id=1149\"><img loading=\"lazy\" class=\"wp-image-1157  aligncenter\" src=\"http:\/\/ecophoto.cl\/wp-content\/uploads\/2018\/09\/DSC_9024-2.png\" alt=\"\" width=\"247\" height=\"125\" \/><\/a><\/p>\n<h4><\/h4>\n<p><a href=\"http:\/\/ecophoto.cl\/wp-content\/uploads\/2023\/02\/DSC9747.jpg\"><img loading=\"lazy\" class=\"alignnone size-large wp-image-2864\" src=\"http:\/\/ecophoto.cl\/wp-content\/uploads\/2023\/02\/DSC9747-1024x684.jpg\" alt=\"\" width=\"980\" height=\"655\" srcset=\"https:\/\/ecophoto.cl\/wp-content\/uploads\/2023\/02\/DSC9747-1024x684.jpg 1024w, https:\/\/ecophoto.cl\/wp-content\/uploads\/2023\/02\/DSC9747-600x401.jpg 600w, https:\/\/ecophoto.cl\/wp-content\/uploads\/2023\/02\/DSC9747-300x200.jpg 300w, https:\/\/ecophoto.cl\/wp-content\/uploads\/2023\/02\/DSC9747-768x513.jpg 768w, https:\/\/ecophoto.cl\/wp-content\/uploads\/2023\/02\/DSC9747-1536x1025.jpg 1536w, https:\/\/ecophoto.cl\/wp-content\/uploads\/2023\/02\/DSC9747.jpg 2000w\" sizes=\"(max-width: 980px) 100vw, 980px\" \/><\/a><\/p>\n","protected":false},"excerpt":{"rendered":"<p>Ubicados en la localidad de Puc\u00f3n, Regi\u00f3n de la Araucan\u00eda, Chile. Desarrollamos un turismo sustentable, con actividades de directa conexi\u00f3n con la naturaleza. Enfoc\u00e1ndonos en la fotograf\u00eda como una de las herramientas de difusi\u00f3n y conservaci\u00f3n de la riqueza natural que nos rodea. Te llevaremos &hellip; <\/p>\n","protected":false},"author":2,"featured_media":0,"parent":0,"menu_order":0,"comment_status":"closed","ping_status":"closed","template":"","meta":[],"_links":{"self":[{"href":"https:\/\/ecophoto.cl\/index.php?rest_route=\/wp\/v2\/pages\/899"}],"collection":[{"href":"https:\/\/ecophoto.cl\/index.php?rest_route=\/wp\/v2\/pages"}],"about":[{"href":"https:\/\/ecophoto.cl\/index.php?rest_route=\/wp\/v2\/types\/page"}],"author":[{"embeddable":true,"href":"https:\/\/ecophoto.cl\/index.php?rest_route=\/wp\/v2\/users\/2"}],"replies":[{"embeddable":true,"href":"https:\/\/ecophoto.cl\/index.php?rest_route=%2Fwp%2Fv2%2Fcomments&post=899"}],"version-history":[{"count":11,"href":"https:\/\/ecophoto.cl\/index.php?rest_route=\/wp\/v2\/pages\/899\/revisions"}],"predecessor-version":[{"id":3091,"href":"https:\/\/ecophoto.cl\/index.php?rest_route=\/wp\/v2\/pages\/899\/revisions\/3091"}],"wp:attachment":[{"href":"https:\/\/ecophoto.cl\/index.php?rest_route=%2Fwp%2Fv2%2Fmedia&parent=899"}],"curies":[{"name":"wp","href":"https:\/\/api.w.org\/{rel}","templated":true}]}}