{"id":3284,"date":"2026-05-04T16:55:13","date_gmt":"2026-05-04T16:55:13","guid":{"rendered":"https:\/\/ecophoto.cl\/?page_id=3284"},"modified":"2026-05-05T00:27:38","modified_gmt":"2026-05-05T00:27:38","slug":"kids","status":"publish","type":"page","link":"https:\/\/ecophoto.cl\/?page_id=3284","title":{"rendered":"Ecophoto Kids"},"content":{"rendered":"\n<figure class=\"wp-block-image size-large is-resized\"><a href=\"https:\/\/ecophoto.cl\/wp-content\/uploads\/2026\/05\/e9994eb149422915cc24aef2c05a094482b26e30e8c6e2c5904f22383c57a675-1.png\"><img loading=\"lazy\" src=\"https:\/\/ecophoto.cl\/wp-content\/uploads\/2026\/05\/e9994eb149422915cc24aef2c05a094482b26e30e8c6e2c5904f22383c57a675-1-1024x859.png\" alt=\"\" class=\"wp-image-3286\" width=\"577\" height=\"483\" srcset=\"https:\/\/ecophoto.cl\/wp-content\/uploads\/2026\/05\/e9994eb149422915cc24aef2c05a094482b26e30e8c6e2c5904f22383c57a675-1-1024x859.png 1024w, https:\/\/ecophoto.cl\/wp-content\/uploads\/2026\/05\/e9994eb149422915cc24aef2c05a094482b26e30e8c6e2c5904f22383c57a675-1-300x252.png 300w, https:\/\/ecophoto.cl\/wp-content\/uploads\/2026\/05\/e9994eb149422915cc24aef2c05a094482b26e30e8c6e2c5904f22383c57a675-1-768x644.png 768w, https:\/\/ecophoto.cl\/wp-content\/uploads\/2026\/05\/e9994eb149422915cc24aef2c05a094482b26e30e8c6e2c5904f22383c57a675-1-72x60.png 72w, https:\/\/ecophoto.cl\/wp-content\/uploads\/2026\/05\/e9994eb149422915cc24aef2c05a094482b26e30e8c6e2c5904f22383c57a675-1-600x503.png 600w, https:\/\/ecophoto.cl\/wp-content\/uploads\/2026\/05\/e9994eb149422915cc24aef2c05a094482b26e30e8c6e2c5904f22383c57a675-1.png 1254w\" sizes=\"(max-width: 577px) 100vw, 577px\" \/><\/a><\/figure>\n\n\n\n<p><strong><strong>Descubre y captura la naturaleza con tus hijos<\/strong><\/strong>.<\/p>\n\n\n\n<p>En&nbsp;<strong>EcoPhoto Kids<\/strong>&nbsp;creamos experiencias \u00fanicas donde los ni\u00f1os y sus familias exploran la naturaleza y el cielo nocturno de forma entretenida, segura y memorable.<\/p>\n\n\n\n<p>No es solo una actividad.<br>Es una experiencia que combina&nbsp;<strong>astronom\u00eda, fotograf\u00eda y conexi\u00f3n con la naturaleza<\/strong>.<br><\/p>\n\n\n\n<figure class=\"wp-block-image size-large is-resized\"><a href=\"https:\/\/ecophoto.cl\/wp-content\/uploads\/2026\/05\/481853510_18487559761028945_5820048074392862938_n.jpeg\"><img loading=\"lazy\" src=\"https:\/\/ecophoto.cl\/wp-content\/uploads\/2026\/05\/481853510_18487559761028945_5820048074392862938_n-1024x683.jpeg\" alt=\"\" class=\"wp-image-3287\" width=\"606\" height=\"404\" srcset=\"https:\/\/ecophoto.cl\/wp-content\/uploads\/2026\/05\/481853510_18487559761028945_5820048074392862938_n-1024x683.jpeg 1024w, https:\/\/ecophoto.cl\/wp-content\/uploads\/2026\/05\/481853510_18487559761028945_5820048074392862938_n-300x200.jpeg 300w, https:\/\/ecophoto.cl\/wp-content\/uploads\/2026\/05\/481853510_18487559761028945_5820048074392862938_n-768x513.jpeg 768w, https:\/\/ecophoto.cl\/wp-content\/uploads\/2026\/05\/481853510_18487559761028945_5820048074392862938_n-90x60.jpeg 90w, https:\/\/ecophoto.cl\/wp-content\/uploads\/2026\/05\/481853510_18487559761028945_5820048074392862938_n-600x400.jpeg 600w, https:\/\/ecophoto.cl\/wp-content\/uploads\/2026\/05\/481853510_18487559761028945_5820048074392862938_n.jpeg 1440w\" sizes=\"(max-width: 606px) 100vw, 606px\" \/><\/a><\/figure>\n\n\n\n<p><strong> \u00bfQu\u00e9 ofrecemos?<\/strong><\/p>\n\n\n\n<p><strong> Experiencias Astro Kids<\/strong><\/p>\n\n\n\n<p>Actividades al atardecer y noche donde los ni\u00f1os:<\/p>\n\n\n\n<ul><li>Descubren estrellas y constelaciones<\/li><li>Aprenden de forma l\u00fadica sobre el universo<\/li><li>Viven su primera experiencia bajo un cielo estrellado<\/li><\/ul>\n\n\n\n<p>Incluye un recuerdo inolvidable:<br><strong>Una fotograf\u00eda bajo las estrellas<\/strong><\/p>\n\n\n\n<p><\/p>\n\n\n\n<hr class=\"wp-block-separator\"\/>\n\n\n\n<p><strong> Talleres y charlas de Astrofotograf\u00eda para ni\u00f1os<\/strong><\/p>\n\n\n\n<figure class=\"wp-block-image size-large is-resized\"><a href=\"https:\/\/ecophoto.cl\/wp-content\/uploads\/2026\/05\/481628512_18487559728028945_3755962760667765424_n.jpeg\"><img loading=\"lazy\" src=\"https:\/\/ecophoto.cl\/wp-content\/uploads\/2026\/05\/481628512_18487559728028945_3755962760667765424_n-1024x767.jpeg\" alt=\"\" class=\"wp-image-3289\" width=\"525\" height=\"393\" srcset=\"https:\/\/ecophoto.cl\/wp-content\/uploads\/2026\/05\/481628512_18487559728028945_3755962760667765424_n-1024x767.jpeg 1024w, https:\/\/ecophoto.cl\/wp-content\/uploads\/2026\/05\/481628512_18487559728028945_3755962760667765424_n-300x225.jpeg 300w, https:\/\/ecophoto.cl\/wp-content\/uploads\/2026\/05\/481628512_18487559728028945_3755962760667765424_n-768x575.jpeg 768w, https:\/\/ecophoto.cl\/wp-content\/uploads\/2026\/05\/481628512_18487559728028945_3755962760667765424_n-80x60.jpeg 80w, https:\/\/ecophoto.cl\/wp-content\/uploads\/2026\/05\/481628512_18487559728028945_3755962760667765424_n-600x449.jpeg 600w, https:\/\/ecophoto.cl\/wp-content\/uploads\/2026\/05\/481628512_18487559728028945_3755962760667765424_n.jpeg 1283w\" sizes=\"(max-width: 525px) 100vw, 525px\" \/><\/a><\/figure>\n\n\n\n<figure class=\"wp-block-image size-large is-resized\"><a href=\"http:\/\/ecophoto.cl\/wp-content\/uploads\/2026\/05\/481972083_18487559752028945_182343241648553321_n.jpeg\"><img loading=\"lazy\" src=\"http:\/\/ecophoto.cl\/wp-content\/uploads\/2026\/05\/481972083_18487559752028945_182343241648553321_n-1024x683.jpeg\" alt=\"\" class=\"wp-image-3288\" width=\"525\" height=\"350\" srcset=\"https:\/\/ecophoto.cl\/wp-content\/uploads\/2026\/05\/481972083_18487559752028945_182343241648553321_n-1024x683.jpeg 1024w, https:\/\/ecophoto.cl\/wp-content\/uploads\/2026\/05\/481972083_18487559752028945_182343241648553321_n-300x200.jpeg 300w, https:\/\/ecophoto.cl\/wp-content\/uploads\/2026\/05\/481972083_18487559752028945_182343241648553321_n-768x513.jpeg 768w, https:\/\/ecophoto.cl\/wp-content\/uploads\/2026\/05\/481972083_18487559752028945_182343241648553321_n-90x60.jpeg 90w, https:\/\/ecophoto.cl\/wp-content\/uploads\/2026\/05\/481972083_18487559752028945_182343241648553321_n-600x400.jpeg 600w, https:\/\/ecophoto.cl\/wp-content\/uploads\/2026\/05\/481972083_18487559752028945_182343241648553321_n.jpeg 1440w\" sizes=\"(max-width: 525px) 100vw, 525px\" \/><\/a><\/figure>\n\n\n\n<p>Introducci\u00f3n entretenida al mundo de la Astrofotograf\u00eda:<\/p>\n\n\n\n<ul><li>Uso b\u00e1sico de c\u00e1mara o celular<\/li><li>Observaci\u00f3n y creatividad<\/li><li>Aprender jugando en la naturaleza<\/li><\/ul>\n\n\n\n<hr class=\"wp-block-separator\"\/>\n\n\n\n<p><\/p>\n\n\n\n<p><strong>Programas para colegios<\/strong><\/p>\n\n\n\n<p>Salidas educativas y talleres que combinan:<\/p>\n\n\n\n<ul><li>Ciencia + arte + naturaleza<\/li><li>Aprendizaje experiencial<\/li><li>Contenido adaptado por edad<\/li><\/ul>\n\n\n\n<hr class=\"wp-block-separator\"\/>\n\n\n\n<p><strong>Actividades para municipalidades<\/strong><\/p>\n\n\n\n<p>Experiencias familiares y comunitarias:<\/p>\n\n\n\n<ul><li>Eventos nocturnos<\/li><li>Actividades educativas al aire libre<\/li><li>Conexi\u00f3n con el entorno natural<\/li><\/ul>\n\n\n\n<figure class=\"wp-block-image\"><img alt=\"\"\/><\/figure>\n\n\n\n<hr class=\"wp-block-separator\"\/>\n\n\n\n<p><strong>\u00bfPor qu\u00e9 EcoPhoto Kids?<\/strong><\/p>\n\n\n\n<ul><li>Experiencias en entornos naturales reales<\/li><li>Enfoque \u00fanico en fotograf\u00eda y emoci\u00f3n<\/li><li>Actividades pensadas para ni\u00f1os y familias<\/li><li>Recuerdos que perduran en el tiempo<\/li><\/ul>\n\n\n\n<p><br><\/p>\n","protected":false},"excerpt":{"rendered":"<p>Descubre y captura la naturaleza con tus hijos. En&nbsp;EcoPhoto Kids&nbsp;creamos experiencias \u00fanicas donde los ni\u00f1os y sus familias exploran la naturaleza y el cielo nocturno de forma entretenida, segura y memorable. No es solo una actividad.Es una experiencia que combina&nbsp;astronom\u00eda, fotograf\u00eda y conexi\u00f3n con la &hellip; <\/p>\n","protected":false},"author":2,"featured_media":0,"parent":0,"menu_order":0,"comment_status":"closed","ping_status":"closed","template":"","meta":[],"_links":{"self":[{"href":"https:\/\/ecophoto.cl\/index.php?rest_route=\/wp\/v2\/pages\/3284"}],"collection":[{"href":"https:\/\/ecophoto.cl\/index.php?rest_route=\/wp\/v2\/pages"}],"about":[{"href":"https:\/\/ecophoto.cl\/index.php?rest_route=\/wp\/v2\/types\/page"}],"author":[{"embeddable":true,"href":"https:\/\/ecophoto.cl\/index.php?rest_route=\/wp\/v2\/users\/2"}],"replies":[{"embeddable":true,"href":"https:\/\/ecophoto.cl\/index.php?rest_route=%2Fwp%2Fv2%2Fcomments&post=3284"}],"version-history":[{"count":2,"href":"https:\/\/ecophoto.cl\/index.php?rest_route=\/wp\/v2\/pages\/3284\/revisions"}],"predecessor-version":[{"id":3293,"href":"https:\/\/ecophoto.cl\/index.php?rest_route=\/wp\/v2\/pages\/3284\/revisions\/3293"}],"wp:attachment":[{"href":"https:\/\/ecophoto.cl\/index.php?rest_route=%2Fwp%2Fv2%2Fmedia&parent=3284"}],"curies":[{"name":"wp","href":"https:\/\/api.w.org\/{rel}","templated":true}]}}