{"id":3276,"date":"2026-02-27T19:19:24","date_gmt":"2026-02-27T19:19:24","guid":{"rendered":"https:\/\/ecophoto.cl\/?page_id=3276"},"modified":"2026-02-27T19:19:25","modified_gmt":"2026-02-27T19:19:25","slug":"photo-tour-cursos-de-agua","status":"publish","type":"page","link":"https:\/\/ecophoto.cl\/?page_id=3276","title":{"rendered":"Photo tour, cursos de agua"},"content":{"rendered":"\n<figure class=\"wp-block-image size-large\"><a href=\"https:\/\/ecophoto.cl\/wp-content\/uploads\/2026\/02\/1.jpg\"><img loading=\"lazy\" width=\"1024\" height=\"1024\" src=\"https:\/\/ecophoto.cl\/wp-content\/uploads\/2026\/02\/1-1024x1024.jpg\" alt=\"\" class=\"wp-image-3277\" srcset=\"https:\/\/ecophoto.cl\/wp-content\/uploads\/2026\/02\/1-1024x1024.jpg 1024w, https:\/\/ecophoto.cl\/wp-content\/uploads\/2026\/02\/1-300x300.jpg 300w, https:\/\/ecophoto.cl\/wp-content\/uploads\/2026\/02\/1-150x150.jpg 150w, https:\/\/ecophoto.cl\/wp-content\/uploads\/2026\/02\/1-768x768.jpg 768w, https:\/\/ecophoto.cl\/wp-content\/uploads\/2026\/02\/1-630x630.jpg 630w, https:\/\/ecophoto.cl\/wp-content\/uploads\/2026\/02\/1-60x60.jpg 60w, https:\/\/ecophoto.cl\/wp-content\/uploads\/2026\/02\/1-600x600.jpg 600w, https:\/\/ecophoto.cl\/wp-content\/uploads\/2026\/02\/1-100x100.jpg 100w, https:\/\/ecophoto.cl\/wp-content\/uploads\/2026\/02\/1.jpg 1080w\" sizes=\"(max-width: 1024px) 100vw, 1024px\" \/><\/a><\/figure>\n\n\n\n<p>Descubre la fuerza y belleza del agua en un tour fotogr\u00e1fico por las cascadas m\u00e1s impresionantes de la zona lacustre. Esta experiencia te llevar\u00e1 a explorar escenarios naturales \u00fanicos como el Salto El Claro, Salto Palgu\u00edn y Salto El Puma, donde aprender\u00e1s t\u00e9cnicas fotogr\u00e1ficas para capturar el movimiento del agua, la luz del bosque y la esencia del paisaje sure\u00f1o.<\/p>\n\n\n\n<p>Dise\u00f1ado tanto para principiantes como para amantes de la naturaleza y la fotograf\u00eda, este recorrido combina aprendizaje pr\u00e1ctico, contemplaci\u00f3n y conexi\u00f3n con el entorno. Podemos Finalizar la jornada con un merecido descanso en aguas termales, el cierre perfecto para un d\u00eda de inspiraci\u00f3n, naturaleza y bienestar. (Termas opcional no incluidas)<\/p>\n\n\n\n<p>Distancia y duraci\u00f3n:<br>Visitaremos 3 locaciones distintas d\u00f3nde cada una tiene una peque\u00f1a caminata para llegar a los saltos. se considera una jornada completa! <\/p>\n\n\n\n<p>Exigencia f\u00edsica:<br>Suave, paseo para toda la familia.<\/p>\n\n\n\n<p>Mejor \u00e9poca:<br>Todo el a\u00f1o.<\/p>\n\n\n\n<p>Equipo:<br>Se recomienda equipo de trekking ligero, aunque es recomendable usar zapatos de ca\u00f1a alta impermeables.<br>Bastones de trekking, vestuario por capas, protector solar, gorro y lente de sol.<\/p>\n\n\n\n<p>Equipo fotogr\u00e1fico recomendado: <br>Puedes participar hasta con la c\u00e1mara del celular.<br>Contamos con tr\u00edpodes para fotografiar con larga exposici\u00f3n y darle efecto ceda al agua.<\/p>\n\n\n\n<p>Los d\u00edas de lluvias o nublados son ideales para esta actividad.<\/p>\n","protected":false},"excerpt":{"rendered":"<p>Descubre la fuerza y belleza del agua en un tour fotogr\u00e1fico por las cascadas m\u00e1s impresionantes de la zona lacustre. Esta experiencia te llevar\u00e1 a explorar escenarios naturales \u00fanicos como el Salto El Claro, Salto Palgu\u00edn y Salto El Puma, donde aprender\u00e1s t\u00e9cnicas fotogr\u00e1ficas para &hellip; <\/p>\n","protected":false},"author":2,"featured_media":0,"parent":0,"menu_order":0,"comment_status":"closed","ping_status":"closed","template":"","meta":[],"_links":{"self":[{"href":"https:\/\/ecophoto.cl\/index.php?rest_route=\/wp\/v2\/pages\/3276"}],"collection":[{"href":"https:\/\/ecophoto.cl\/index.php?rest_route=\/wp\/v2\/pages"}],"about":[{"href":"https:\/\/ecophoto.cl\/index.php?rest_route=\/wp\/v2\/types\/page"}],"author":[{"embeddable":true,"href":"https:\/\/ecophoto.cl\/index.php?rest_route=\/wp\/v2\/users\/2"}],"replies":[{"embeddable":true,"href":"https:\/\/ecophoto.cl\/index.php?rest_route=%2Fwp%2Fv2%2Fcomments&post=3276"}],"version-history":[{"count":1,"href":"https:\/\/ecophoto.cl\/index.php?rest_route=\/wp\/v2\/pages\/3276\/revisions"}],"predecessor-version":[{"id":3278,"href":"https:\/\/ecophoto.cl\/index.php?rest_route=\/wp\/v2\/pages\/3276\/revisions\/3278"}],"wp:attachment":[{"href":"https:\/\/ecophoto.cl\/index.php?rest_route=%2Fwp%2Fv2%2Fmedia&parent=3276"}],"curies":[{"name":"wp","href":"https:\/\/api.w.org\/{rel}","templated":true}]}}