{"id":2928,"date":"2023-06-12T22:46:25","date_gmt":"2023-06-12T22:46:25","guid":{"rendered":"http:\/\/ecophoto.cl\/?page_id=2928"},"modified":"2023-07-28T15:00:48","modified_gmt":"2023-07-28T15:00:48","slug":"mirador-los-crateres","status":"publish","type":"page","link":"https:\/\/ecophoto.cl\/?page_id=2928","title":{"rendered":"Mirador los cr\u00e1teres"},"content":{"rendered":"\n<p>El sendero Mirador los Cr\u00e1teres es un tesoro poco conocido, a pesar de su f\u00e1cil acceso. Desde all\u00ed, podr\u00e1s disfrutar de vistas impresionantes del majestuoso volc\u00e1n Villarrica, as\u00ed como de los valles de Zanj\u00f3n Seco y Correntoso. A lo lejos, se pueden divisar los Lagos Caburga y Huilipil\u00fan, el volc\u00e1n Llaima y los Nevados de Sollipulli.<\/p>\n\n\n\n<div class=\"wp-block-image\"><figure class=\"aligncenter size-large\"><a href=\"http:\/\/ecophoto.cl\/wp-content\/uploads\/2023\/07\/Mirador-los-Crateres.jpg\"><img loading=\"lazy\" width=\"1024\" height=\"1024\" src=\"http:\/\/ecophoto.cl\/wp-content\/uploads\/2023\/07\/Mirador-los-Crateres-1024x1024.jpg\" alt=\"\" class=\"wp-image-2990\" srcset=\"https:\/\/ecophoto.cl\/wp-content\/uploads\/2023\/07\/Mirador-los-Crateres-1024x1024.jpg 1024w, https:\/\/ecophoto.cl\/wp-content\/uploads\/2023\/07\/Mirador-los-Crateres-100x100.jpg 100w, https:\/\/ecophoto.cl\/wp-content\/uploads\/2023\/07\/Mirador-los-Crateres-600x600.jpg 600w, https:\/\/ecophoto.cl\/wp-content\/uploads\/2023\/07\/Mirador-los-Crateres-300x300.jpg 300w, https:\/\/ecophoto.cl\/wp-content\/uploads\/2023\/07\/Mirador-los-Crateres-150x150.jpg 150w, https:\/\/ecophoto.cl\/wp-content\/uploads\/2023\/07\/Mirador-los-Crateres-768x768.jpg 768w, https:\/\/ecophoto.cl\/wp-content\/uploads\/2023\/07\/Mirador-los-Crateres.jpg 1080w\" sizes=\"(max-width: 1024px) 100vw, 1024px\" \/><\/a><\/figure><\/div>\n\n\n\n<p>El sendero se caracteriza por sus hermosos bosques de coihues, lengas y \u00d1irres que adornan el paisaje hasta llegar a la meta. All\u00ed, encontrar\u00e1s una fila de cr\u00e1teres par\u00e1sitos de entre 5 y 10 metros de di\u00e1metro, desde donde fluy\u00f3 la lava hacia ambos costados. Algunos cr\u00e1teres est\u00e1n bastante erosionados, mientras que otros son claramente reconocibles. La lava form\u00f3 interesantes pliegues y se est\u00e1 resquebrajando por la vegetaci\u00f3n invasora. En algunas partes se hundi\u00f3, dando origen a unas cavernas de poca altura, pero de varios metros de profundidad.<\/p>\n\n\n\n<p>Si eres amante de la fotograf\u00eda de paisajes y texturas, este lugar es ideal para ti. \u00a1No te pierdas la oportunidad de explorar esta maravilla natural!<br><br><br><\/p>\n\n\n\n<figure class=\"wp-block-gallery aligncenter has-nested-images columns-default is-cropped\">\n<figure class=\"wp-block-image size-large\"><a href=\"http:\/\/ecophoto.cl\/wp-content\/uploads\/2023\/06\/DSC9630.jpg\"><img loading=\"lazy\" width=\"684\" height=\"1024\" data-id=\"2930\"  src=\"http:\/\/ecophoto.cl\/wp-content\/uploads\/2023\/06\/DSC9630-684x1024.jpg\" alt=\"\" class=\"wp-image-2930\" srcset=\"https:\/\/ecophoto.cl\/wp-content\/uploads\/2023\/06\/DSC9630-684x1024.jpg 684w, https:\/\/ecophoto.cl\/wp-content\/uploads\/2023\/06\/DSC9630-600x899.jpg 600w, https:\/\/ecophoto.cl\/wp-content\/uploads\/2023\/06\/DSC9630-200x300.jpg 200w, https:\/\/ecophoto.cl\/wp-content\/uploads\/2023\/06\/DSC9630-768x1151.jpg 768w, https:\/\/ecophoto.cl\/wp-content\/uploads\/2023\/06\/DSC9630.jpg 801w\" sizes=\"(max-width: 684px) 100vw, 684px\" \/><\/a><\/figure>\n\n\n\n<figure class=\"wp-block-image size-large\"><a href=\"http:\/\/ecophoto.cl\/wp-content\/uploads\/2023\/06\/DSC9497.jpg\"><img loading=\"lazy\" width=\"1024\" height=\"684\" data-id=\"2929\"  src=\"http:\/\/ecophoto.cl\/wp-content\/uploads\/2023\/06\/DSC9497-1024x684.jpg\" alt=\"\" class=\"wp-image-2929\" srcset=\"https:\/\/ecophoto.cl\/wp-content\/uploads\/2023\/06\/DSC9497-1024x684.jpg 1024w, https:\/\/ecophoto.cl\/wp-content\/uploads\/2023\/06\/DSC9497-600x401.jpg 600w, https:\/\/ecophoto.cl\/wp-content\/uploads\/2023\/06\/DSC9497-300x200.jpg 300w, https:\/\/ecophoto.cl\/wp-content\/uploads\/2023\/06\/DSC9497-768x513.jpg 768w, https:\/\/ecophoto.cl\/wp-content\/uploads\/2023\/06\/DSC9497.jpg 1200w\" sizes=\"(max-width: 1024px) 100vw, 1024px\" \/><\/a><\/figure>\n\n\n\n<figure class=\"wp-block-image size-large\"><a href=\"http:\/\/ecophoto.cl\/wp-content\/uploads\/2023\/06\/DSC9501.jpg\"><img loading=\"lazy\" width=\"1024\" height=\"684\" data-id=\"2933\"  src=\"http:\/\/ecophoto.cl\/wp-content\/uploads\/2023\/06\/DSC9501-1024x684.jpg\" alt=\"\" class=\"wp-image-2933\" srcset=\"https:\/\/ecophoto.cl\/wp-content\/uploads\/2023\/06\/DSC9501-1024x684.jpg 1024w, https:\/\/ecophoto.cl\/wp-content\/uploads\/2023\/06\/DSC9501-600x401.jpg 600w, https:\/\/ecophoto.cl\/wp-content\/uploads\/2023\/06\/DSC9501-300x200.jpg 300w, https:\/\/ecophoto.cl\/wp-content\/uploads\/2023\/06\/DSC9501-768x513.jpg 768w, https:\/\/ecophoto.cl\/wp-content\/uploads\/2023\/06\/DSC9501.jpg 1200w\" sizes=\"(max-width: 1024px) 100vw, 1024px\" \/><\/a><\/figure>\n\n\n\n<figure class=\"wp-block-image size-large\"><a href=\"http:\/\/ecophoto.cl\/wp-content\/uploads\/2023\/06\/DSC9553.jpg\"><img loading=\"lazy\" width=\"1024\" height=\"684\" data-id=\"2932\"  src=\"http:\/\/ecophoto.cl\/wp-content\/uploads\/2023\/06\/DSC9553-1024x684.jpg\" alt=\"\" class=\"wp-image-2932\" srcset=\"https:\/\/ecophoto.cl\/wp-content\/uploads\/2023\/06\/DSC9553-1024x684.jpg 1024w, https:\/\/ecophoto.cl\/wp-content\/uploads\/2023\/06\/DSC9553-600x401.jpg 600w, https:\/\/ecophoto.cl\/wp-content\/uploads\/2023\/06\/DSC9553-300x200.jpg 300w, https:\/\/ecophoto.cl\/wp-content\/uploads\/2023\/06\/DSC9553-768x513.jpg 768w, https:\/\/ecophoto.cl\/wp-content\/uploads\/2023\/06\/DSC9553.jpg 1200w\" sizes=\"(max-width: 1024px) 100vw, 1024px\" \/><\/a><\/figure>\n\n\n\n<figure class=\"wp-block-image size-large\"><a href=\"http:\/\/ecophoto.cl\/wp-content\/uploads\/2023\/06\/DSC9548.jpg\"><img loading=\"lazy\" width=\"684\" height=\"1024\" data-id=\"2938\"  src=\"http:\/\/ecophoto.cl\/wp-content\/uploads\/2023\/06\/DSC9548-684x1024.jpg\" alt=\"\" class=\"wp-image-2938\" srcset=\"https:\/\/ecophoto.cl\/wp-content\/uploads\/2023\/06\/DSC9548-684x1024.jpg 684w, https:\/\/ecophoto.cl\/wp-content\/uploads\/2023\/06\/DSC9548-600x899.jpg 600w, https:\/\/ecophoto.cl\/wp-content\/uploads\/2023\/06\/DSC9548-200x300.jpg 200w, https:\/\/ecophoto.cl\/wp-content\/uploads\/2023\/06\/DSC9548-768x1151.jpg 768w, https:\/\/ecophoto.cl\/wp-content\/uploads\/2023\/06\/DSC9548.jpg 801w\" sizes=\"(max-width: 684px) 100vw, 684px\" \/><\/a><\/figure>\n\n\n\n<figure class=\"wp-block-image size-large\"><a href=\"http:\/\/ecophoto.cl\/wp-content\/uploads\/2023\/06\/DSC9572.jpg\"><img loading=\"lazy\" width=\"684\" height=\"1024\" data-id=\"2931\"  src=\"http:\/\/ecophoto.cl\/wp-content\/uploads\/2023\/06\/DSC9572-684x1024.jpg\" alt=\"\" class=\"wp-image-2931\" srcset=\"https:\/\/ecophoto.cl\/wp-content\/uploads\/2023\/06\/DSC9572-684x1024.jpg 684w, https:\/\/ecophoto.cl\/wp-content\/uploads\/2023\/06\/DSC9572-600x899.jpg 600w, https:\/\/ecophoto.cl\/wp-content\/uploads\/2023\/06\/DSC9572-200x300.jpg 200w, https:\/\/ecophoto.cl\/wp-content\/uploads\/2023\/06\/DSC9572-768x1151.jpg 768w, https:\/\/ecophoto.cl\/wp-content\/uploads\/2023\/06\/DSC9572.jpg 801w\" sizes=\"(max-width: 684px) 100vw, 684px\" \/><\/a><\/figure>\n\n\n\n<figure class=\"wp-block-image size-large\"><a href=\"http:\/\/ecophoto.cl\/wp-content\/uploads\/2023\/06\/DSC9540.jpg\"><img loading=\"lazy\" width=\"1024\" height=\"684\" data-id=\"2934\"  src=\"http:\/\/ecophoto.cl\/wp-content\/uploads\/2023\/06\/DSC9540-1024x684.jpg\" alt=\"\" class=\"wp-image-2934\" srcset=\"https:\/\/ecophoto.cl\/wp-content\/uploads\/2023\/06\/DSC9540-1024x684.jpg 1024w, https:\/\/ecophoto.cl\/wp-content\/uploads\/2023\/06\/DSC9540-600x401.jpg 600w, https:\/\/ecophoto.cl\/wp-content\/uploads\/2023\/06\/DSC9540-300x200.jpg 300w, https:\/\/ecophoto.cl\/wp-content\/uploads\/2023\/06\/DSC9540-768x513.jpg 768w, https:\/\/ecophoto.cl\/wp-content\/uploads\/2023\/06\/DSC9540.jpg 1200w\" sizes=\"(max-width: 1024px) 100vw, 1024px\" \/><\/a><\/figure>\n\n\n\n<figure class=\"wp-block-image size-large\"><a href=\"http:\/\/ecophoto.cl\/wp-content\/uploads\/2023\/06\/DSC9589.jpg\"><img loading=\"lazy\" width=\"684\" height=\"1024\" data-id=\"2935\"  src=\"http:\/\/ecophoto.cl\/wp-content\/uploads\/2023\/06\/DSC9589-684x1024.jpg\" alt=\"\" class=\"wp-image-2935\" srcset=\"https:\/\/ecophoto.cl\/wp-content\/uploads\/2023\/06\/DSC9589-684x1024.jpg 684w, https:\/\/ecophoto.cl\/wp-content\/uploads\/2023\/06\/DSC9589-600x899.jpg 600w, https:\/\/ecophoto.cl\/wp-content\/uploads\/2023\/06\/DSC9589-200x300.jpg 200w, https:\/\/ecophoto.cl\/wp-content\/uploads\/2023\/06\/DSC9589-768x1151.jpg 768w, https:\/\/ecophoto.cl\/wp-content\/uploads\/2023\/06\/DSC9589.jpg 801w\" sizes=\"(max-width: 684px) 100vw, 684px\" \/><\/a><\/figure>\n\n\n\n<figure class=\"wp-block-image size-large\"><a href=\"http:\/\/ecophoto.cl\/wp-content\/uploads\/2023\/06\/DSC9597.jpg\"><img loading=\"lazy\" width=\"684\" height=\"1024\" data-id=\"2937\"  src=\"http:\/\/ecophoto.cl\/wp-content\/uploads\/2023\/06\/DSC9597-684x1024.jpg\" alt=\"\" class=\"wp-image-2937\" srcset=\"https:\/\/ecophoto.cl\/wp-content\/uploads\/2023\/06\/DSC9597-684x1024.jpg 684w, https:\/\/ecophoto.cl\/wp-content\/uploads\/2023\/06\/DSC9597-600x899.jpg 600w, https:\/\/ecophoto.cl\/wp-content\/uploads\/2023\/06\/DSC9597-200x300.jpg 200w, https:\/\/ecophoto.cl\/wp-content\/uploads\/2023\/06\/DSC9597-768x1151.jpg 768w, https:\/\/ecophoto.cl\/wp-content\/uploads\/2023\/06\/DSC9597.jpg 801w\" sizes=\"(max-width: 684px) 100vw, 684px\" \/><\/a><\/figure>\n\n\n\n<figure class=\"wp-block-image size-large\"><a href=\"http:\/\/ecophoto.cl\/wp-content\/uploads\/2023\/06\/DSC6322.jpg\"><img loading=\"lazy\" width=\"1024\" height=\"684\" data-id=\"2944\"  src=\"http:\/\/ecophoto.cl\/wp-content\/uploads\/2023\/06\/DSC6322-1024x684.jpg\" alt=\"\" class=\"wp-image-2944\" srcset=\"https:\/\/ecophoto.cl\/wp-content\/uploads\/2023\/06\/DSC6322-1024x684.jpg 1024w, https:\/\/ecophoto.cl\/wp-content\/uploads\/2023\/06\/DSC6322-600x401.jpg 600w, https:\/\/ecophoto.cl\/wp-content\/uploads\/2023\/06\/DSC6322-300x200.jpg 300w, https:\/\/ecophoto.cl\/wp-content\/uploads\/2023\/06\/DSC6322-768x513.jpg 768w, https:\/\/ecophoto.cl\/wp-content\/uploads\/2023\/06\/DSC6322.jpg 1200w\" sizes=\"(max-width: 1024px) 100vw, 1024px\" \/><\/a><\/figure>\n\n\n\n<figure class=\"wp-block-image size-large\"><a href=\"http:\/\/ecophoto.cl\/wp-content\/uploads\/2023\/06\/DSC6340.jpg\"><img loading=\"lazy\" width=\"1024\" height=\"684\" data-id=\"2941\"  src=\"http:\/\/ecophoto.cl\/wp-content\/uploads\/2023\/06\/DSC6340-1024x684.jpg\" alt=\"\" class=\"wp-image-2941\" srcset=\"https:\/\/ecophoto.cl\/wp-content\/uploads\/2023\/06\/DSC6340-1024x684.jpg 1024w, https:\/\/ecophoto.cl\/wp-content\/uploads\/2023\/06\/DSC6340-600x401.jpg 600w, https:\/\/ecophoto.cl\/wp-content\/uploads\/2023\/06\/DSC6340-300x200.jpg 300w, https:\/\/ecophoto.cl\/wp-content\/uploads\/2023\/06\/DSC6340-768x513.jpg 768w, https:\/\/ecophoto.cl\/wp-content\/uploads\/2023\/06\/DSC6340.jpg 1200w\" sizes=\"(max-width: 1024px) 100vw, 1024px\" \/><\/a><\/figure>\n\n\n\n<figure class=\"wp-block-image size-large\"><a href=\"http:\/\/ecophoto.cl\/wp-content\/uploads\/2023\/06\/DSC6348.jpg\"><img loading=\"lazy\" width=\"1024\" height=\"684\" data-id=\"2940\"  src=\"http:\/\/ecophoto.cl\/wp-content\/uploads\/2023\/06\/DSC6348-1024x684.jpg\" alt=\"\" class=\"wp-image-2940\" srcset=\"https:\/\/ecophoto.cl\/wp-content\/uploads\/2023\/06\/DSC6348-1024x684.jpg 1024w, https:\/\/ecophoto.cl\/wp-content\/uploads\/2023\/06\/DSC6348-600x401.jpg 600w, https:\/\/ecophoto.cl\/wp-content\/uploads\/2023\/06\/DSC6348-300x200.jpg 300w, https:\/\/ecophoto.cl\/wp-content\/uploads\/2023\/06\/DSC6348-768x513.jpg 768w, https:\/\/ecophoto.cl\/wp-content\/uploads\/2023\/06\/DSC6348.jpg 1200w\" sizes=\"(max-width: 1024px) 100vw, 1024px\" \/><\/a><\/figure>\n\n\n\n<figure class=\"wp-block-image size-large\"><a href=\"http:\/\/ecophoto.cl\/wp-content\/uploads\/2023\/06\/DSC6358.jpg\"><img loading=\"lazy\" width=\"1024\" height=\"684\" data-id=\"2939\"  src=\"http:\/\/ecophoto.cl\/wp-content\/uploads\/2023\/06\/DSC6358-1024x684.jpg\" alt=\"\" class=\"wp-image-2939\" srcset=\"https:\/\/ecophoto.cl\/wp-content\/uploads\/2023\/06\/DSC6358-1024x684.jpg 1024w, https:\/\/ecophoto.cl\/wp-content\/uploads\/2023\/06\/DSC6358-600x401.jpg 600w, https:\/\/ecophoto.cl\/wp-content\/uploads\/2023\/06\/DSC6358-300x200.jpg 300w, https:\/\/ecophoto.cl\/wp-content\/uploads\/2023\/06\/DSC6358-768x513.jpg 768w, https:\/\/ecophoto.cl\/wp-content\/uploads\/2023\/06\/DSC6358.jpg 1200w\" sizes=\"(max-width: 1024px) 100vw, 1024px\" \/><\/a><\/figure>\n\n\n\n<figure class=\"wp-block-image size-large\"><a href=\"http:\/\/ecophoto.cl\/wp-content\/uploads\/2023\/06\/DSC6361.jpg\"><img loading=\"lazy\" width=\"1024\" height=\"684\" data-id=\"2942\"  src=\"http:\/\/ecophoto.cl\/wp-content\/uploads\/2023\/06\/DSC6361-1024x684.jpg\" alt=\"\" class=\"wp-image-2942\" srcset=\"https:\/\/ecophoto.cl\/wp-content\/uploads\/2023\/06\/DSC6361-1024x684.jpg 1024w, https:\/\/ecophoto.cl\/wp-content\/uploads\/2023\/06\/DSC6361-600x401.jpg 600w, https:\/\/ecophoto.cl\/wp-content\/uploads\/2023\/06\/DSC6361-300x200.jpg 300w, https:\/\/ecophoto.cl\/wp-content\/uploads\/2023\/06\/DSC6361-768x513.jpg 768w, https:\/\/ecophoto.cl\/wp-content\/uploads\/2023\/06\/DSC6361.jpg 1200w\" sizes=\"(max-width: 1024px) 100vw, 1024px\" \/><\/a><\/figure>\n\n\n\n<figure class=\"wp-block-image size-large\"><a href=\"http:\/\/ecophoto.cl\/wp-content\/uploads\/2023\/06\/DSC6364.jpg\"><img loading=\"lazy\" width=\"1024\" height=\"684\" data-id=\"2943\"  src=\"http:\/\/ecophoto.cl\/wp-content\/uploads\/2023\/06\/DSC6364-1024x684.jpg\" alt=\"\" class=\"wp-image-2943\" srcset=\"https:\/\/ecophoto.cl\/wp-content\/uploads\/2023\/06\/DSC6364-1024x684.jpg 1024w, https:\/\/ecophoto.cl\/wp-content\/uploads\/2023\/06\/DSC6364-600x401.jpg 600w, https:\/\/ecophoto.cl\/wp-content\/uploads\/2023\/06\/DSC6364-300x200.jpg 300w, https:\/\/ecophoto.cl\/wp-content\/uploads\/2023\/06\/DSC6364-768x513.jpg 768w, https:\/\/ecophoto.cl\/wp-content\/uploads\/2023\/06\/DSC6364.jpg 1200w\" sizes=\"(max-width: 1024px) 100vw, 1024px\" \/><\/a><\/figure>\n\n\n\n<figure class=\"wp-block-image size-large\"><a href=\"http:\/\/ecophoto.cl\/wp-content\/uploads\/2023\/06\/DSC9610.jpg\"><img loading=\"lazy\" width=\"684\" height=\"1024\" data-id=\"2936\"  src=\"http:\/\/ecophoto.cl\/wp-content\/uploads\/2023\/06\/DSC9610-684x1024.jpg\" alt=\"\" class=\"wp-image-2936\" srcset=\"https:\/\/ecophoto.cl\/wp-content\/uploads\/2023\/06\/DSC9610-684x1024.jpg 684w, https:\/\/ecophoto.cl\/wp-content\/uploads\/2023\/06\/DSC9610-600x899.jpg 600w, https:\/\/ecophoto.cl\/wp-content\/uploads\/2023\/06\/DSC9610-200x300.jpg 200w, https:\/\/ecophoto.cl\/wp-content\/uploads\/2023\/06\/DSC9610-768x1151.jpg 768w, https:\/\/ecophoto.cl\/wp-content\/uploads\/2023\/06\/DSC9610.jpg 801w\" sizes=\"(max-width: 684px) 100vw, 684px\" \/><\/a><\/figure>\n\n\n\n<figure class=\"wp-block-image size-large\"><a href=\"http:\/\/ecophoto.cl\/wp-content\/uploads\/2023\/06\/DSC6283.jpg\"><img loading=\"lazy\" width=\"950\" height=\"634\" data-id=\"2947\"  src=\"http:\/\/ecophoto.cl\/wp-content\/uploads\/2023\/06\/DSC6283.jpg\" alt=\"\" class=\"wp-image-2947\" srcset=\"https:\/\/ecophoto.cl\/wp-content\/uploads\/2023\/06\/DSC6283.jpg 950w, https:\/\/ecophoto.cl\/wp-content\/uploads\/2023\/06\/DSC6283-600x400.jpg 600w, https:\/\/ecophoto.cl\/wp-content\/uploads\/2023\/06\/DSC6283-300x200.jpg 300w, https:\/\/ecophoto.cl\/wp-content\/uploads\/2023\/06\/DSC6283-768x513.jpg 768w\" sizes=\"(max-width: 950px) 100vw, 950px\" \/><\/a><\/figure>\n\n\n\n<figure class=\"wp-block-image size-large\"><a href=\"http:\/\/ecophoto.cl\/wp-content\/uploads\/2023\/06\/DSC6285.jpg\"><img loading=\"lazy\" width=\"1024\" height=\"684\" data-id=\"2951\"  src=\"http:\/\/ecophoto.cl\/wp-content\/uploads\/2023\/06\/DSC6285-1024x684.jpg\" alt=\"\" class=\"wp-image-2951\" srcset=\"https:\/\/ecophoto.cl\/wp-content\/uploads\/2023\/06\/DSC6285-1024x684.jpg 1024w, https:\/\/ecophoto.cl\/wp-content\/uploads\/2023\/06\/DSC6285-600x401.jpg 600w, https:\/\/ecophoto.cl\/wp-content\/uploads\/2023\/06\/DSC6285-300x200.jpg 300w, https:\/\/ecophoto.cl\/wp-content\/uploads\/2023\/06\/DSC6285-768x513.jpg 768w, https:\/\/ecophoto.cl\/wp-content\/uploads\/2023\/06\/DSC6285.jpg 1200w\" sizes=\"(max-width: 1024px) 100vw, 1024px\" \/><\/a><\/figure>\n\n\n\n<figure class=\"wp-block-image size-large\"><a href=\"http:\/\/ecophoto.cl\/wp-content\/uploads\/2023\/06\/DSC6290.jpg\"><img loading=\"lazy\" width=\"950\" height=\"634\" data-id=\"2946\"  src=\"http:\/\/ecophoto.cl\/wp-content\/uploads\/2023\/06\/DSC6290.jpg\" alt=\"\" class=\"wp-image-2946\" srcset=\"https:\/\/ecophoto.cl\/wp-content\/uploads\/2023\/06\/DSC6290.jpg 950w, https:\/\/ecophoto.cl\/wp-content\/uploads\/2023\/06\/DSC6290-600x400.jpg 600w, https:\/\/ecophoto.cl\/wp-content\/uploads\/2023\/06\/DSC6290-300x200.jpg 300w, https:\/\/ecophoto.cl\/wp-content\/uploads\/2023\/06\/DSC6290-768x513.jpg 768w\" sizes=\"(max-width: 950px) 100vw, 950px\" \/><\/a><\/figure>\n\n\n\n<figure class=\"wp-block-image size-large\"><a href=\"http:\/\/ecophoto.cl\/wp-content\/uploads\/2023\/06\/DSC6313.jpg\"><img loading=\"lazy\" width=\"950\" height=\"634\" data-id=\"2945\"  src=\"http:\/\/ecophoto.cl\/wp-content\/uploads\/2023\/06\/DSC6313.jpg\" alt=\"\" class=\"wp-image-2945\" srcset=\"https:\/\/ecophoto.cl\/wp-content\/uploads\/2023\/06\/DSC6313.jpg 950w, https:\/\/ecophoto.cl\/wp-content\/uploads\/2023\/06\/DSC6313-600x400.jpg 600w, https:\/\/ecophoto.cl\/wp-content\/uploads\/2023\/06\/DSC6313-300x200.jpg 300w, https:\/\/ecophoto.cl\/wp-content\/uploads\/2023\/06\/DSC6313-768x513.jpg 768w\" sizes=\"(max-width: 950px) 100vw, 950px\" \/><\/a><\/figure>\n\n\n\n<figure class=\"wp-block-image size-large\"><a href=\"http:\/\/ecophoto.cl\/wp-content\/uploads\/2023\/06\/DSC6322-1.jpg\"><img loading=\"lazy\" width=\"950\" height=\"634\" data-id=\"2949\"  src=\"http:\/\/ecophoto.cl\/wp-content\/uploads\/2023\/06\/DSC6322-1.jpg\" alt=\"\" class=\"wp-image-2949\" srcset=\"https:\/\/ecophoto.cl\/wp-content\/uploads\/2023\/06\/DSC6322-1.jpg 950w, https:\/\/ecophoto.cl\/wp-content\/uploads\/2023\/06\/DSC6322-1-600x400.jpg 600w, https:\/\/ecophoto.cl\/wp-content\/uploads\/2023\/06\/DSC6322-1-300x200.jpg 300w, https:\/\/ecophoto.cl\/wp-content\/uploads\/2023\/06\/DSC6322-1-768x513.jpg 768w\" sizes=\"(max-width: 950px) 100vw, 950px\" \/><\/a><\/figure>\n\n\n\n<figure class=\"wp-block-image size-large\"><a href=\"http:\/\/ecophoto.cl\/wp-content\/uploads\/2023\/06\/DSC6335.jpg\"><img loading=\"lazy\" width=\"950\" height=\"634\" data-id=\"2948\"  src=\"http:\/\/ecophoto.cl\/wp-content\/uploads\/2023\/06\/DSC6335.jpg\" alt=\"\" class=\"wp-image-2948\" srcset=\"https:\/\/ecophoto.cl\/wp-content\/uploads\/2023\/06\/DSC6335.jpg 950w, https:\/\/ecophoto.cl\/wp-content\/uploads\/2023\/06\/DSC6335-600x400.jpg 600w, https:\/\/ecophoto.cl\/wp-content\/uploads\/2023\/06\/DSC6335-300x200.jpg 300w, https:\/\/ecophoto.cl\/wp-content\/uploads\/2023\/06\/DSC6335-768x513.jpg 768w\" sizes=\"(max-width: 950px) 100vw, 950px\" \/><\/a><\/figure>\n\n\n\n<figure class=\"wp-block-image size-large\"><a href=\"http:\/\/ecophoto.cl\/wp-content\/uploads\/2023\/06\/DSC6340-1.jpg\"><img loading=\"lazy\" width=\"1024\" height=\"684\" data-id=\"2950\"  src=\"http:\/\/ecophoto.cl\/wp-content\/uploads\/2023\/06\/DSC6340-1-1024x684.jpg\" alt=\"\" class=\"wp-image-2950\" srcset=\"https:\/\/ecophoto.cl\/wp-content\/uploads\/2023\/06\/DSC6340-1-1024x684.jpg 1024w, https:\/\/ecophoto.cl\/wp-content\/uploads\/2023\/06\/DSC6340-1-600x401.jpg 600w, https:\/\/ecophoto.cl\/wp-content\/uploads\/2023\/06\/DSC6340-1-300x200.jpg 300w, https:\/\/ecophoto.cl\/wp-content\/uploads\/2023\/06\/DSC6340-1-768x513.jpg 768w, https:\/\/ecophoto.cl\/wp-content\/uploads\/2023\/06\/DSC6340-1.jpg 1200w\" sizes=\"(max-width: 1024px) 100vw, 1024px\" \/><\/a><\/figure>\n\n\n\n<figure class=\"wp-block-image size-large\"><a href=\"http:\/\/ecophoto.cl\/wp-content\/uploads\/2023\/06\/DSC6355.jpg\"><img loading=\"lazy\" width=\"950\" height=\"634\" data-id=\"2954\"  src=\"http:\/\/ecophoto.cl\/wp-content\/uploads\/2023\/06\/DSC6355.jpg\" alt=\"\" class=\"wp-image-2954\" srcset=\"https:\/\/ecophoto.cl\/wp-content\/uploads\/2023\/06\/DSC6355.jpg 950w, https:\/\/ecophoto.cl\/wp-content\/uploads\/2023\/06\/DSC6355-600x400.jpg 600w, https:\/\/ecophoto.cl\/wp-content\/uploads\/2023\/06\/DSC6355-300x200.jpg 300w, https:\/\/ecophoto.cl\/wp-content\/uploads\/2023\/06\/DSC6355-768x513.jpg 768w\" sizes=\"(max-width: 950px) 100vw, 950px\" \/><\/a><\/figure>\n\n\n\n<figure class=\"wp-block-image size-large\"><a href=\"http:\/\/ecophoto.cl\/wp-content\/uploads\/2023\/06\/DSC6358-1.jpg\"><img loading=\"lazy\" width=\"1024\" height=\"684\" data-id=\"2953\"  src=\"http:\/\/ecophoto.cl\/wp-content\/uploads\/2023\/06\/DSC6358-1-1024x684.jpg\" alt=\"\" class=\"wp-image-2953\" srcset=\"https:\/\/ecophoto.cl\/wp-content\/uploads\/2023\/06\/DSC6358-1-1024x684.jpg 1024w, https:\/\/ecophoto.cl\/wp-content\/uploads\/2023\/06\/DSC6358-1-600x401.jpg 600w, https:\/\/ecophoto.cl\/wp-content\/uploads\/2023\/06\/DSC6358-1-300x200.jpg 300w, https:\/\/ecophoto.cl\/wp-content\/uploads\/2023\/06\/DSC6358-1-768x513.jpg 768w, https:\/\/ecophoto.cl\/wp-content\/uploads\/2023\/06\/DSC6358-1.jpg 1200w\" sizes=\"(max-width: 1024px) 100vw, 1024px\" \/><\/a><\/figure>\n\n\n\n<figure class=\"wp-block-image size-large\"><a href=\"http:\/\/ecophoto.cl\/wp-content\/uploads\/2023\/06\/DSC6361-1.jpg\"><img loading=\"lazy\" width=\"950\" height=\"634\" data-id=\"2955\"  src=\"http:\/\/ecophoto.cl\/wp-content\/uploads\/2023\/06\/DSC6361-1.jpg\" alt=\"\" class=\"wp-image-2955\" srcset=\"https:\/\/ecophoto.cl\/wp-content\/uploads\/2023\/06\/DSC6361-1.jpg 950w, https:\/\/ecophoto.cl\/wp-content\/uploads\/2023\/06\/DSC6361-1-600x400.jpg 600w, https:\/\/ecophoto.cl\/wp-content\/uploads\/2023\/06\/DSC6361-1-300x200.jpg 300w, https:\/\/ecophoto.cl\/wp-content\/uploads\/2023\/06\/DSC6361-1-768x513.jpg 768w\" sizes=\"(max-width: 950px) 100vw, 950px\" \/><\/a><\/figure>\n\n\n\n<figure class=\"wp-block-image size-large\"><a href=\"http:\/\/ecophoto.cl\/wp-content\/uploads\/2023\/06\/DSC6364-1.jpg\"><img loading=\"lazy\" width=\"1024\" height=\"684\" data-id=\"2957\"  src=\"http:\/\/ecophoto.cl\/wp-content\/uploads\/2023\/06\/DSC6364-1-1024x684.jpg\" alt=\"\" class=\"wp-image-2957\" srcset=\"https:\/\/ecophoto.cl\/wp-content\/uploads\/2023\/06\/DSC6364-1-1024x684.jpg 1024w, https:\/\/ecophoto.cl\/wp-content\/uploads\/2023\/06\/DSC6364-1-600x401.jpg 600w, https:\/\/ecophoto.cl\/wp-content\/uploads\/2023\/06\/DSC6364-1-300x200.jpg 300w, https:\/\/ecophoto.cl\/wp-content\/uploads\/2023\/06\/DSC6364-1-768x513.jpg 768w, https:\/\/ecophoto.cl\/wp-content\/uploads\/2023\/06\/DSC6364-1.jpg 1200w\" sizes=\"(max-width: 1024px) 100vw, 1024px\" \/><\/a><\/figure>\n\n\n\n<figure class=\"wp-block-image size-large\"><a href=\"http:\/\/ecophoto.cl\/wp-content\/uploads\/2023\/06\/DSC9540-1.jpg\"><img loading=\"lazy\" width=\"950\" height=\"634\" data-id=\"2952\"  src=\"http:\/\/ecophoto.cl\/wp-content\/uploads\/2023\/06\/DSC9540-1.jpg\" alt=\"\" class=\"wp-image-2952\" srcset=\"https:\/\/ecophoto.cl\/wp-content\/uploads\/2023\/06\/DSC9540-1.jpg 950w, https:\/\/ecophoto.cl\/wp-content\/uploads\/2023\/06\/DSC9540-1-600x400.jpg 600w, https:\/\/ecophoto.cl\/wp-content\/uploads\/2023\/06\/DSC9540-1-300x200.jpg 300w, https:\/\/ecophoto.cl\/wp-content\/uploads\/2023\/06\/DSC9540-1-768x513.jpg 768w\" sizes=\"(max-width: 950px) 100vw, 950px\" \/><\/a><\/figure>\n\n\n\n<figure class=\"wp-block-image size-large\"><a href=\"http:\/\/ecophoto.cl\/wp-content\/uploads\/2023\/06\/DSC9560.jpg\"><img loading=\"lazy\" width=\"950\" height=\"634\" data-id=\"2956\"  src=\"http:\/\/ecophoto.cl\/wp-content\/uploads\/2023\/06\/DSC9560.jpg\" alt=\"\" class=\"wp-image-2956\" srcset=\"https:\/\/ecophoto.cl\/wp-content\/uploads\/2023\/06\/DSC9560.jpg 950w, https:\/\/ecophoto.cl\/wp-content\/uploads\/2023\/06\/DSC9560-600x400.jpg 600w, https:\/\/ecophoto.cl\/wp-content\/uploads\/2023\/06\/DSC9560-300x200.jpg 300w, https:\/\/ecophoto.cl\/wp-content\/uploads\/2023\/06\/DSC9560-768x513.jpg 768w\" sizes=\"(max-width: 950px) 100vw, 950px\" \/><\/a><\/figure>\n<\/figure>\n\n\n\n<p><strong>Distancia y duraci\u00f3n:<\/strong><br>4 km de ida, 1\u00bd horas de subida, 1 hora de regreso. Punto de partida a 1.175 m, altura m\u00e1xima 1.430 m, subida acumulada total 280 m.<\/p>\n\n\n\n<p><strong>Exigencia f\u00edsica:<\/strong><br>Suave, paseo para toda la familia.<\/p>\n\n\n\n<p><strong>Mejor \u00e9poca:<\/strong><br>Diciembre a Mayo. Es una zona muy atractiva para caminar con raquetas de nieve en invierno, aunque es pr\u00e1cticamente imposible seguir la ruta. Mejor subir y bajar por la quebrada (ver variante)<\/p>\n\n\n\n<p><strong>Equipo:<\/strong><br>Se recomienda equipo de trekking ligero, auque en la zona del escorial es recomendable un zapato firme junto a bastones. <br>Protector solar, gorro y lentes.  <br><br><br>Valores: <br>$45.000 .-  ( Incluye Guia certificado, bastones de trekking)<br><br>Si planeas visitar la zona en temporada invernal, podemos incluir raquetas y polainas . Este servicio tiene un costo adicional de $10.000.<\/p>\n","protected":false},"excerpt":{"rendered":"<p>El sendero Mirador los Cr\u00e1teres es un tesoro poco conocido, a pesar de su f\u00e1cil acceso. Desde all\u00ed, podr\u00e1s disfrutar de vistas impresionantes del majestuoso volc\u00e1n Villarrica, as\u00ed como de los valles de Zanj\u00f3n Seco y Correntoso. A lo lejos, se pueden divisar los Lagos &hellip; <\/p>\n","protected":false},"author":2,"featured_media":0,"parent":0,"menu_order":0,"comment_status":"closed","ping_status":"closed","template":"","meta":[],"_links":{"self":[{"href":"https:\/\/ecophoto.cl\/index.php?rest_route=\/wp\/v2\/pages\/2928"}],"collection":[{"href":"https:\/\/ecophoto.cl\/index.php?rest_route=\/wp\/v2\/pages"}],"about":[{"href":"https:\/\/ecophoto.cl\/index.php?rest_route=\/wp\/v2\/types\/page"}],"author":[{"embeddable":true,"href":"https:\/\/ecophoto.cl\/index.php?rest_route=\/wp\/v2\/users\/2"}],"replies":[{"embeddable":true,"href":"https:\/\/ecophoto.cl\/index.php?rest_route=%2Fwp%2Fv2%2Fcomments&post=2928"}],"version-history":[{"count":3,"href":"https:\/\/ecophoto.cl\/index.php?rest_route=\/wp\/v2\/pages\/2928\/revisions"}],"predecessor-version":[{"id":2994,"href":"https:\/\/ecophoto.cl\/index.php?rest_route=\/wp\/v2\/pages\/2928\/revisions\/2994"}],"wp:attachment":[{"href":"https:\/\/ecophoto.cl\/index.php?rest_route=%2Fwp%2Fv2%2Fmedia&parent=2928"}],"curies":[{"name":"wp","href":"https:\/\/api.w.org\/{rel}","templated":true}]}}