{"id":2650,"date":"2022-03-18T15:23:35","date_gmt":"2022-03-18T15:23:35","guid":{"rendered":"http:\/\/ecophoto.cl\/?page_id=2650"},"modified":"2022-04-11T15:46:45","modified_gmt":"2022-04-11T15:46:45","slug":"astrotour-degustacion-cerveza-kross","status":"publish","type":"page","link":"https:\/\/ecophoto.cl\/?page_id=2650","title":{"rendered":"Astrotour degustaci\u00f3n Cerveza Kross"},"content":{"rendered":"\n<p><br><meta charset=\"utf-8\"><strong>Disfruta de un hermoso atardecer degustando unas de las cervezas mas prestigiosas de Chile.<\/strong><br><\/p>\n\n\n\n<div class=\"wp-block-image\"><figure class=\"aligncenter size-large\"><a href=\"http:\/\/ecophoto.cl\/wp-content\/uploads\/2022\/03\/DSC_0080.jpg\"><img loading=\"lazy\" width=\"1024\" height=\"684\" src=\"http:\/\/ecophoto.cl\/wp-content\/uploads\/2022\/03\/DSC_0080-1024x684.jpg\" alt=\"\" class=\"wp-image-2652\" srcset=\"https:\/\/ecophoto.cl\/wp-content\/uploads\/2022\/03\/DSC_0080-1024x684.jpg 1024w, https:\/\/ecophoto.cl\/wp-content\/uploads\/2022\/03\/DSC_0080-600x401.jpg 600w, https:\/\/ecophoto.cl\/wp-content\/uploads\/2022\/03\/DSC_0080-300x200.jpg 300w, https:\/\/ecophoto.cl\/wp-content\/uploads\/2022\/03\/DSC_0080-768x513.jpg 768w, https:\/\/ecophoto.cl\/wp-content\/uploads\/2022\/03\/DSC_0080-416x278.jpg 416w, https:\/\/ecophoto.cl\/wp-content\/uploads\/2022\/03\/DSC_0080.jpg 1200w\" sizes=\"(max-width: 1024px) 100vw, 1024px\" \/><\/a><\/figure><\/div>\n\n\n\n<div class=\"wp-block-image\"><figure class=\"aligncenter size-large is-resized\"><a href=\"http:\/\/ecophoto.cl\/wp-content\/uploads\/2022\/03\/DSC_0046.jpg\"><img loading=\"lazy\" src=\"http:\/\/ecophoto.cl\/wp-content\/uploads\/2022\/03\/DSC_0046-1024x684.jpg\" alt=\"\" class=\"wp-image-2651\" width=\"786\" height=\"525\" srcset=\"https:\/\/ecophoto.cl\/wp-content\/uploads\/2022\/03\/DSC_0046-1024x684.jpg 1024w, https:\/\/ecophoto.cl\/wp-content\/uploads\/2022\/03\/DSC_0046-600x401.jpg 600w, https:\/\/ecophoto.cl\/wp-content\/uploads\/2022\/03\/DSC_0046-300x200.jpg 300w, https:\/\/ecophoto.cl\/wp-content\/uploads\/2022\/03\/DSC_0046-768x513.jpg 768w, https:\/\/ecophoto.cl\/wp-content\/uploads\/2022\/03\/DSC_0046-416x278.jpg 416w, https:\/\/ecophoto.cl\/wp-content\/uploads\/2022\/03\/DSC_0046.jpg 1200w\" sizes=\"(max-width: 786px) 100vw, 786px\" \/><\/a><figcaption>Esperando los primeros luceros.<\/figcaption><\/figure><\/div>\n\n\n\n<p><meta charset=\"utf-8\">Posteriormente observaremos los primeros luceros a ojo desnudo donde disfrutaremos de una rica tabla de picoteo .<br>Mientras cae la noche, utilizaremos binoculares para observar las principales constelaciones mapuches y aprender  de su gran cultura astronomica.  <\/p>\n\n\n\n<div class=\"wp-block-image\"><figure class=\"aligncenter size-large\"><a href=\"http:\/\/ecophoto.cl\/wp-content\/uploads\/2022\/03\/DSC_9980.jpg\"><img loading=\"lazy\" width=\"1024\" height=\"684\" src=\"http:\/\/ecophoto.cl\/wp-content\/uploads\/2022\/03\/DSC_9980-1024x684.jpg\" alt=\"\" class=\"wp-image-2653\" srcset=\"https:\/\/ecophoto.cl\/wp-content\/uploads\/2022\/03\/DSC_9980-1024x684.jpg 1024w, https:\/\/ecophoto.cl\/wp-content\/uploads\/2022\/03\/DSC_9980-600x401.jpg 600w, https:\/\/ecophoto.cl\/wp-content\/uploads\/2022\/03\/DSC_9980-300x200.jpg 300w, https:\/\/ecophoto.cl\/wp-content\/uploads\/2022\/03\/DSC_9980-768x513.jpg 768w, https:\/\/ecophoto.cl\/wp-content\/uploads\/2022\/03\/DSC_9980-416x278.jpg 416w, https:\/\/ecophoto.cl\/wp-content\/uploads\/2022\/03\/DSC_9980.jpg 1200w\" sizes=\"(max-width: 1024px) 100vw, 1024px\" \/><\/a><figcaption>Cerveza kross clasica junto a Tabla de picar.<\/figcaption><\/figure><\/div>\n\n\n\n<p><br>Para terminar la noche, observaremos detalles del cielo nocturno con Telescopio. <br>Durante todo este proceso estaremos realizando fotograf\u00edas del tour junto con compartir los secretos del astrofotograf\u00eda incluso ense\u00f1arles a utilizar sus celulares para fotografiar el cielo nocturno. <br><br>Itinerario. <\/p>\n\n\n\n<p><br>&#8211; Salida desde Puc\u00f3n<br>&#8211; Atardecer degustaci\u00f3n cerveza kross <br>&#8211; Observaci\u00f3n a ojo desnudo, los primeros luceros disfrutando una tabla de picar. <br>&#8211; Observaci\u00f3n de las principales constelaciones mapuches con Binoculares <br>&#8211; Observaci\u00f3n de los detalles del cielo con telescopio. <br>&#8211; Regreso a Puc\u00f3n. <br><br><br>Recomendaciones: <br><br>&#8211; Ropa de abrigo (Clima muy fr\u00edo) <br>&#8211; Gorro y guantes para el frio.<br>&#8211; C\u00e1maras fotogr\u00e1ficas  y celulares con bater\u00eda cargada. <br><br><div role=\"form\" class=\"wpcf7\" id=\"wpcf7-f962-o1\" lang=\"es-ES\" dir=\"ltr\">\n<div class=\"screen-reader-response\"><p role=\"status\" aria-live=\"polite\" aria-atomic=\"true\"><\/p> <ul><\/ul><\/div>\n<form action=\"\/index.php?rest_route=%2Fwp%2Fv2%2Fpages%2F2650#wpcf7-f962-o1\" method=\"post\" class=\"wpcf7-form init\" novalidate=\"novalidate\" data-status=\"init\">\n<div style=\"display: none;\">\n<input type=\"hidden\" name=\"_wpcf7\" value=\"962\" \/>\n<input type=\"hidden\" name=\"_wpcf7_version\" value=\"5.5.6\" \/>\n<input type=\"hidden\" name=\"_wpcf7_locale\" value=\"es_ES\" \/>\n<input type=\"hidden\" name=\"_wpcf7_unit_tag\" value=\"wpcf7-f962-o1\" \/>\n<input type=\"hidden\" name=\"_wpcf7_container_post\" value=\"0\" \/>\n<input type=\"hidden\" name=\"_wpcf7_posted_data_hash\" value=\"\" \/>\n<\/div>\n<p><label> Tu nombre (requerido)<br \/>\n    <span class=\"wpcf7-form-control-wrap your-name\"><input type=\"text\" name=\"your-name\" value=\"\" size=\"40\" class=\"wpcf7-form-control wpcf7-text wpcf7-validates-as-required\" aria-required=\"true\" aria-invalid=\"false\" \/><\/span> <\/label><\/p>\n<p><label> Tu correo electr\u00f3nico (requerido)<br \/>\n    <span class=\"wpcf7-form-control-wrap your-email\"><input type=\"email\" name=\"your-email\" value=\"\" size=\"40\" class=\"wpcf7-form-control wpcf7-text wpcf7-email wpcf7-validates-as-required wpcf7-validates-as-email\" aria-required=\"true\" aria-invalid=\"false\" \/><\/span> <\/label><\/p>\n<p><label> Asunto<br \/>\n    <span class=\"wpcf7-form-control-wrap your-subject\"><input type=\"text\" name=\"your-subject\" value=\"\" size=\"40\" class=\"wpcf7-form-control wpcf7-text\" aria-invalid=\"false\" \/><\/span> <\/label><\/p>\n<p><label> Tu mensaje<br \/>\n    <span class=\"wpcf7-form-control-wrap your-message\"><textarea name=\"your-message\" cols=\"40\" rows=\"10\" class=\"wpcf7-form-control wpcf7-textarea\" aria-invalid=\"false\"><\/textarea><\/span> <\/label><\/p>\n<p><input type=\"submit\" value=\"Enviar\" class=\"wpcf7-form-control has-spinner wpcf7-submit\" \/><\/p>\n<div class=\"wpcf7-response-output\" aria-hidden=\"true\"><\/div><\/form><\/div><br><\/p>\n","protected":false},"excerpt":{"rendered":"<p>Disfruta de un hermoso atardecer degustando unas de las cervezas mas prestigiosas de Chile. Posteriormente observaremos los primeros luceros a ojo desnudo donde disfrutaremos de una rica tabla de picoteo .Mientras cae la noche, utilizaremos binoculares para observar las principales constelaciones mapuches y aprender de &hellip; <\/p>\n","protected":false},"author":2,"featured_media":0,"parent":0,"menu_order":0,"comment_status":"closed","ping_status":"closed","template":"","meta":[],"_links":{"self":[{"href":"https:\/\/ecophoto.cl\/index.php?rest_route=\/wp\/v2\/pages\/2650"}],"collection":[{"href":"https:\/\/ecophoto.cl\/index.php?rest_route=\/wp\/v2\/pages"}],"about":[{"href":"https:\/\/ecophoto.cl\/index.php?rest_route=\/wp\/v2\/types\/page"}],"author":[{"embeddable":true,"href":"https:\/\/ecophoto.cl\/index.php?rest_route=\/wp\/v2\/users\/2"}],"replies":[{"embeddable":true,"href":"https:\/\/ecophoto.cl\/index.php?rest_route=%2Fwp%2Fv2%2Fcomments&post=2650"}],"version-history":[{"count":2,"href":"https:\/\/ecophoto.cl\/index.php?rest_route=\/wp\/v2\/pages\/2650\/revisions"}],"predecessor-version":[{"id":2817,"href":"https:\/\/ecophoto.cl\/index.php?rest_route=\/wp\/v2\/pages\/2650\/revisions\/2817"}],"wp:attachment":[{"href":"https:\/\/ecophoto.cl\/index.php?rest_route=%2Fwp%2Fv2%2Fmedia&parent=2650"}],"curies":[{"name":"wp","href":"https:\/\/api.w.org\/{rel}","templated":true}]}}