{"id":1252,"date":"2018-10-09T13:40:21","date_gmt":"2018-10-09T13:40:21","guid":{"rendered":"http:\/\/ecophoto.cl\/?page_id=1252"},"modified":"2023-07-29T17:48:08","modified_gmt":"2023-07-29T17:48:08","slug":"pn-tolhuaca-2","status":"publish","type":"page","link":"https:\/\/ecophoto.cl\/?page_id=1252","title":{"rendered":"Photo Trekking"},"content":{"rendered":"<h1 style=\"text-align: center;\"><\/h1>\n<p style=\"text-align: center;\"><a href=\"http:\/\/ecophoto.cl\/wp-content\/uploads\/2021\/06\/DSC_3065-1.jpg\"><img loading=\"lazy\" class=\"size-full wp-image-2569 aligncenter\" src=\"http:\/\/ecophoto.cl\/wp-content\/uploads\/2021\/06\/DSC_3065-1.jpg\" alt=\"\" width=\"1200\" height=\"527\" srcset=\"https:\/\/ecophoto.cl\/wp-content\/uploads\/2021\/06\/DSC_3065-1.jpg 1200w, https:\/\/ecophoto.cl\/wp-content\/uploads\/2021\/06\/DSC_3065-1-600x264.jpg 600w, https:\/\/ecophoto.cl\/wp-content\/uploads\/2021\/06\/DSC_3065-1-300x132.jpg 300w, https:\/\/ecophoto.cl\/wp-content\/uploads\/2021\/06\/DSC_3065-1-768x337.jpg 768w, https:\/\/ecophoto.cl\/wp-content\/uploads\/2021\/06\/DSC_3065-1-1024x450.jpg 1024w, https:\/\/ecophoto.cl\/wp-content\/uploads\/2021\/06\/DSC_3065-1-416x183.jpg 416w\" sizes=\"(max-width: 1200px) 100vw, 1200px\" \/><\/a><br \/>\nDescubre y retrata los hermosos rincones de la Araucan\u00eda, explorando junto a nuestros entretenidos trekking fotogr\u00e1ficos.<\/p>\n<p>Descripci\u00f3n: Los Trekking fotogr\u00e1ficos combinan dos hermosas pasiones: la fotograf\u00eda y el trekking como actividad deportiva y recreativa. Durante la actividad, recorreremos diversos entornos para descubrir y retratar los hermosos parajes que la regi\u00f3n nos ofrece. Adem\u00e1s, nuestros gu\u00edas fot\u00f3grafos te orientar\u00e1n y dar\u00e1n consejos para que puedas capturar los mejores momentos y regresar a casa con recuerdos inolvidables en tu c\u00e1mara.\u00bb<\/p>\n<p>Contamos con diversas rutas donde destaca la belleza esc\u00e9nica de cada lugar, podemos recorrer bosques, hermosas lagunas y miradores junto a los volcanes.\u00a0 Cada entorno es diferente\u00a0 y te orientamos para sacarle el m\u00e1ximo provecho a tu visita!<\/p>\n<p>Las actividades var\u00edan dependiendo de la ubicaci\u00f3n, pero generalmente tienen una duraci\u00f3n aproximada de 5 a 8 horas y no requieren experiencia previa, solo ganas de disfrutar de los paisajes y, sobre todo, de la fotograf\u00eda.<\/p>\n<p>Lo que nos diferencia de otros trekking es nuestro concepto diferente: nadie nos apura y venimos a disfrutar. Nos tomamos el tiempo de observar, componer y fotografiar lo que a cada persona le interesa. Adem\u00e1s, te asistimos en todo momento, proporcionando ayuda t\u00e9cnica y equipamiento para que puedas sacarle el m\u00e1ximo provecho a tus fotograf\u00edas.\u00bb<\/p>\n<div style=\"text-align: center;\">\n<h1>\nEscoge tu destino!<\/p>\n<p><a href=\"https:\/\/ecophoto.cl\/?page_id=1254\"><img loading=\"lazy\" class=\"alignleft wp-image-2991 size-medium\" src=\"http:\/\/ecophoto.cl\/wp-content\/uploads\/2023\/07\/PN-Huerquehue-300x300.jpg\" alt=\"\" width=\"300\" height=\"300\" srcset=\"https:\/\/ecophoto.cl\/wp-content\/uploads\/2023\/07\/PN-Huerquehue-300x300.jpg 300w, https:\/\/ecophoto.cl\/wp-content\/uploads\/2023\/07\/PN-Huerquehue-100x100.jpg 100w, https:\/\/ecophoto.cl\/wp-content\/uploads\/2023\/07\/PN-Huerquehue-600x600.jpg 600w, https:\/\/ecophoto.cl\/wp-content\/uploads\/2023\/07\/PN-Huerquehue-1024x1024.jpg 1024w, https:\/\/ecophoto.cl\/wp-content\/uploads\/2023\/07\/PN-Huerquehue-150x150.jpg 150w, https:\/\/ecophoto.cl\/wp-content\/uploads\/2023\/07\/PN-Huerquehue-768x768.jpg 768w, https:\/\/ecophoto.cl\/wp-content\/uploads\/2023\/07\/PN-Huerquehue.jpg 1080w\" sizes=\"(max-width: 300px) 100vw, 300px\" \/><\/a> <a href=\"https:\/\/ecophoto.cl\/?page_id=2928\"><img loading=\"lazy\" class=\"alignleft wp-image-2990 size-medium\" src=\"http:\/\/ecophoto.cl\/wp-content\/uploads\/2023\/07\/Mirador-los-Crateres-300x300.jpg\" alt=\"\" width=\"300\" height=\"300\" srcset=\"https:\/\/ecophoto.cl\/wp-content\/uploads\/2023\/07\/Mirador-los-Crateres-300x300.jpg 300w, https:\/\/ecophoto.cl\/wp-content\/uploads\/2023\/07\/Mirador-los-Crateres-100x100.jpg 100w, https:\/\/ecophoto.cl\/wp-content\/uploads\/2023\/07\/Mirador-los-Crateres-600x600.jpg 600w, https:\/\/ecophoto.cl\/wp-content\/uploads\/2023\/07\/Mirador-los-Crateres-1024x1024.jpg 1024w, https:\/\/ecophoto.cl\/wp-content\/uploads\/2023\/07\/Mirador-los-Crateres-150x150.jpg 150w, https:\/\/ecophoto.cl\/wp-content\/uploads\/2023\/07\/Mirador-los-Crateres-768x768.jpg 768w, https:\/\/ecophoto.cl\/wp-content\/uploads\/2023\/07\/Mirador-los-Crateres.jpg 1080w\" sizes=\"(max-width: 300px) 100vw, 300px\" \/><\/a> <a href=\"http:\/\/ecophoto.cl\/wp-content\/uploads\/2023\/07\/Los-Nevados.jpg\"><img loading=\"lazy\" class=\"size-medium wp-image-2989 alignleft\" src=\"http:\/\/ecophoto.cl\/wp-content\/uploads\/2023\/07\/Los-Nevados-300x300.jpg\" alt=\"\" width=\"300\" height=\"300\" srcset=\"https:\/\/ecophoto.cl\/wp-content\/uploads\/2023\/07\/Los-Nevados-300x300.jpg 300w, https:\/\/ecophoto.cl\/wp-content\/uploads\/2023\/07\/Los-Nevados-100x100.jpg 100w, https:\/\/ecophoto.cl\/wp-content\/uploads\/2023\/07\/Los-Nevados-600x600.jpg 600w, https:\/\/ecophoto.cl\/wp-content\/uploads\/2023\/07\/Los-Nevados-1024x1024.jpg 1024w, https:\/\/ecophoto.cl\/wp-content\/uploads\/2023\/07\/Los-Nevados-150x150.jpg 150w, https:\/\/ecophoto.cl\/wp-content\/uploads\/2023\/07\/Los-Nevados-768x768.jpg 768w, https:\/\/ecophoto.cl\/wp-content\/uploads\/2023\/07\/Los-Nevados.jpg 1080w\" sizes=\"(max-width: 300px) 100vw, 300px\" \/><\/a> <a href=\"https:\/\/ecophoto.cl\/?page_id=2175\"><img loading=\"lazy\" class=\"alignleft wp-image-2988 size-medium\" src=\"http:\/\/ecophoto.cl\/wp-content\/uploads\/2023\/07\/Lagos-Andinos-1-300x300.jpg\" alt=\"\" width=\"300\" height=\"300\" srcset=\"https:\/\/ecophoto.cl\/wp-content\/uploads\/2023\/07\/Lagos-Andinos-1-300x300.jpg 300w, https:\/\/ecophoto.cl\/wp-content\/uploads\/2023\/07\/Lagos-Andinos-1-100x100.jpg 100w, https:\/\/ecophoto.cl\/wp-content\/uploads\/2023\/07\/Lagos-Andinos-1-600x600.jpg 600w, https:\/\/ecophoto.cl\/wp-content\/uploads\/2023\/07\/Lagos-Andinos-1-1024x1024.jpg 1024w, https:\/\/ecophoto.cl\/wp-content\/uploads\/2023\/07\/Lagos-Andinos-1-150x150.jpg 150w, https:\/\/ecophoto.cl\/wp-content\/uploads\/2023\/07\/Lagos-Andinos-1-768x768.jpg 768w, https:\/\/ecophoto.cl\/wp-content\/uploads\/2023\/07\/Lagos-Andinos-1.jpg 1080w\" sizes=\"(max-width: 300px) 100vw, 300px\" \/><\/a><\/h1>\n<\/div>\n<p style=\"text-align: center;\"><strong>\u00a0<\/strong><\/p>\n<div role=\"form\" class=\"wpcf7\" id=\"wpcf7-f962-o1\" lang=\"es-ES\" dir=\"ltr\">\n<div class=\"screen-reader-response\"><p role=\"status\" aria-live=\"polite\" aria-atomic=\"true\"><\/p> <ul><\/ul><\/div>\n<form action=\"\/index.php?rest_route=%2Fwp%2Fv2%2Fpages%2F1252#wpcf7-f962-o1\" method=\"post\" class=\"wpcf7-form init\" novalidate=\"novalidate\" data-status=\"init\">\n<div style=\"display: none;\">\n<input type=\"hidden\" name=\"_wpcf7\" value=\"962\" \/>\n<input type=\"hidden\" name=\"_wpcf7_version\" value=\"5.5.6\" \/>\n<input type=\"hidden\" name=\"_wpcf7_locale\" value=\"es_ES\" \/>\n<input type=\"hidden\" name=\"_wpcf7_unit_tag\" value=\"wpcf7-f962-o1\" \/>\n<input type=\"hidden\" name=\"_wpcf7_container_post\" value=\"0\" \/>\n<input type=\"hidden\" name=\"_wpcf7_posted_data_hash\" value=\"\" \/>\n<\/div>\n<p><label> Tu nombre (requerido)<br \/>\n    <span class=\"wpcf7-form-control-wrap your-name\"><input type=\"text\" name=\"your-name\" value=\"\" size=\"40\" class=\"wpcf7-form-control wpcf7-text wpcf7-validates-as-required\" aria-required=\"true\" aria-invalid=\"false\" \/><\/span> <\/label><\/p>\n<p><label> Tu correo electr\u00f3nico (requerido)<br \/>\n    <span class=\"wpcf7-form-control-wrap your-email\"><input type=\"email\" name=\"your-email\" value=\"\" size=\"40\" class=\"wpcf7-form-control wpcf7-text wpcf7-email wpcf7-validates-as-required wpcf7-validates-as-email\" aria-required=\"true\" aria-invalid=\"false\" \/><\/span> <\/label><\/p>\n<p><label> Asunto<br \/>\n    <span class=\"wpcf7-form-control-wrap your-subject\"><input type=\"text\" name=\"your-subject\" value=\"\" size=\"40\" class=\"wpcf7-form-control wpcf7-text\" aria-invalid=\"false\" \/><\/span> <\/label><\/p>\n<p><label> Tu mensaje<br \/>\n    <span class=\"wpcf7-form-control-wrap your-message\"><textarea name=\"your-message\" cols=\"40\" rows=\"10\" class=\"wpcf7-form-control wpcf7-textarea\" aria-invalid=\"false\"><\/textarea><\/span> <\/label><\/p>\n<p><input type=\"submit\" value=\"Enviar\" class=\"wpcf7-form-control has-spinner wpcf7-submit\" \/><\/p>\n<div class=\"wpcf7-response-output\" aria-hidden=\"true\"><\/div><\/form><\/div>\n<p><a href=\"http:\/\/ecophoto.cl\/wp-content\/uploads\/2019\/07\/collage.jpg\"><img loading=\"lazy\" class=\"alignnone size-full wp-image-2151\" src=\"http:\/\/ecophoto.cl\/wp-content\/uploads\/2019\/07\/collage.jpg\" alt=\"\" width=\"1200\" height=\"448\" srcset=\"https:\/\/ecophoto.cl\/wp-content\/uploads\/2019\/07\/collage.jpg 1200w, https:\/\/ecophoto.cl\/wp-content\/uploads\/2019\/07\/collage-600x224.jpg 600w, https:\/\/ecophoto.cl\/wp-content\/uploads\/2019\/07\/collage-300x112.jpg 300w, https:\/\/ecophoto.cl\/wp-content\/uploads\/2019\/07\/collage-768x287.jpg 768w, https:\/\/ecophoto.cl\/wp-content\/uploads\/2019\/07\/collage-1024x382.jpg 1024w, https:\/\/ecophoto.cl\/wp-content\/uploads\/2019\/07\/collage-416x155.jpg 416w\" sizes=\"(max-width: 1200px) 100vw, 1200px\" \/><\/a><\/p>\n","protected":false},"excerpt":{"rendered":"<p>Descubre y retrata los hermosos rincones de la Araucan\u00eda, explorando junto a nuestros entretenidos trekking fotogr\u00e1ficos. Descripci\u00f3n: Los Trekking fotogr\u00e1ficos combinan dos hermosas pasiones: la fotograf\u00eda y el trekking como actividad deportiva y recreativa. Durante la actividad, recorreremos diversos entornos para descubrir y retratar los &hellip; <\/p>\n","protected":false},"author":2,"featured_media":0,"parent":0,"menu_order":0,"comment_status":"closed","ping_status":"closed","template":"","meta":[],"_links":{"self":[{"href":"https:\/\/ecophoto.cl\/index.php?rest_route=\/wp\/v2\/pages\/1252"}],"collection":[{"href":"https:\/\/ecophoto.cl\/index.php?rest_route=\/wp\/v2\/pages"}],"about":[{"href":"https:\/\/ecophoto.cl\/index.php?rest_route=\/wp\/v2\/types\/page"}],"author":[{"embeddable":true,"href":"https:\/\/ecophoto.cl\/index.php?rest_route=\/wp\/v2\/users\/2"}],"replies":[{"embeddable":true,"href":"https:\/\/ecophoto.cl\/index.php?rest_route=%2Fwp%2Fv2%2Fcomments&post=1252"}],"version-history":[{"count":25,"href":"https:\/\/ecophoto.cl\/index.php?rest_route=\/wp\/v2\/pages\/1252\/revisions"}],"predecessor-version":[{"id":3015,"href":"https:\/\/ecophoto.cl\/index.php?rest_route=\/wp\/v2\/pages\/1252\/revisions\/3015"}],"wp:attachment":[{"href":"https:\/\/ecophoto.cl\/index.php?rest_route=%2Fwp%2Fv2%2Fmedia&parent=1252"}],"curies":[{"name":"wp","href":"https:\/\/api.w.org\/{rel}","templated":true}]}}