{"id":1086,"date":"2018-08-31T20:17:10","date_gmt":"2018-08-31T20:17:10","guid":{"rendered":"http:\/\/ecophoto.cl\/?page_id=1086"},"modified":"2020-09-08T20:09:42","modified_gmt":"2020-09-08T20:09:42","slug":"tour","status":"publish","type":"page","link":"https:\/\/ecophoto.cl\/?page_id=1086","title":{"rendered":"Tour"},"content":{"rendered":"<p><span lang=\"ES-TRAD\">Buscamos los mejores lugares de la Araucan\u00eda para ofrecerte actividades novedosas y con un alto acercamiento a la naturaleza. En esta secci\u00f3n, podr\u00e1s encontrar desde actividades por el d\u00eda, como los Trekking fotogr\u00e1ficos, hasta expediciones de varios d\u00edas estilo Overland,\u00a0donde exploramos lugares m\u00e1gicos lleno de riqueza natural y potencial fotogr\u00e1fico; para ello nos aventuramos a realizar el recorrido en veh\u00edculos 4&#215;4 todo terreno.<br \/>\nComo podr\u00e1s ver, en Ecophoto Chile te ofrecemos diversas actividades, en donde la experiencia viene combinada entre aventura, compa\u00f1erismo, naturaleza y fotograf\u00eda.\u00a0\u00a0<\/span><span lang=\"ES-TRAD\"><br clear=\"none\" \/><\/span><\/p>\n<hr \/>\n<p><span lang=\"ES-TRAD\"><br clear=\"none\" \/>Conoce nuestras distintas actividades en el siguiente Men\u00fa:<\/span><\/p>\n<p><a href=\"http:\/\/ecophoto.cl\/?page_id=1092\"><img loading=\"lazy\" class=\"alignleft wp-image-1112\" src=\"http:\/\/ecophoto.cl\/wp-content\/uploads\/2018\/08\/DSC_7259.jpg\" alt=\"\" width=\"217\" height=\"217\" srcset=\"https:\/\/ecophoto.cl\/wp-content\/uploads\/2018\/08\/DSC_7259.jpg 300w, https:\/\/ecophoto.cl\/wp-content\/uploads\/2018\/08\/DSC_7259-100x100.jpg 100w, https:\/\/ecophoto.cl\/wp-content\/uploads\/2018\/08\/DSC_7259-150x150.jpg 150w\" sizes=\"(max-width: 217px) 100vw, 217px\" \/><\/a><a href=\" http:\/\/ecophoto.cl\/?page_id=1252&amp;preview=true\"><img loading=\"lazy\" class=\"alignleft wp-image-1103\" src=\"http:\/\/ecophoto.cl\/wp-content\/uploads\/2018\/08\/DSC_5914.jpg\" alt=\"\" width=\"217\" height=\"217\" srcset=\"https:\/\/ecophoto.cl\/wp-content\/uploads\/2018\/08\/DSC_5914.jpg 300w, https:\/\/ecophoto.cl\/wp-content\/uploads\/2018\/08\/DSC_5914-100x100.jpg 100w, https:\/\/ecophoto.cl\/wp-content\/uploads\/2018\/08\/DSC_5914-150x150.jpg 150w\" sizes=\"(max-width: 217px) 100vw, 217px\" \/><\/a><a href=\"http:\/\/ecophoto.cl\/?page_id=1107\"><img loading=\"lazy\" class=\"wp-image-1109 alignleft\" src=\"http:\/\/ecophoto.cl\/wp-content\/uploads\/2018\/08\/DSC_7359.jpg\" alt=\"\" width=\"221\" height=\"221\" srcset=\"https:\/\/ecophoto.cl\/wp-content\/uploads\/2018\/08\/DSC_7359.jpg 300w, https:\/\/ecophoto.cl\/wp-content\/uploads\/2018\/08\/DSC_7359-100x100.jpg 100w, https:\/\/ecophoto.cl\/wp-content\/uploads\/2018\/08\/DSC_7359-150x150.jpg 150w\" sizes=\"(max-width: 221px) 100vw, 221px\" \/><\/a><\/p>\n","protected":false},"excerpt":{"rendered":"<p>Buscamos los mejores lugares de la Araucan\u00eda para ofrecerte actividades novedosas y con un alto acercamiento a la naturaleza. En esta secci\u00f3n, podr\u00e1s encontrar desde actividades por el d\u00eda, como los Trekking fotogr\u00e1ficos, hasta expediciones de varios d\u00edas estilo Overland,\u00a0donde exploramos lugares m\u00e1gicos lleno de &hellip; <\/p>\n","protected":false},"author":2,"featured_media":0,"parent":0,"menu_order":0,"comment_status":"closed","ping_status":"closed","template":"","meta":[],"_links":{"self":[{"href":"https:\/\/ecophoto.cl\/index.php?rest_route=\/wp\/v2\/pages\/1086"}],"collection":[{"href":"https:\/\/ecophoto.cl\/index.php?rest_route=\/wp\/v2\/pages"}],"about":[{"href":"https:\/\/ecophoto.cl\/index.php?rest_route=\/wp\/v2\/types\/page"}],"author":[{"embeddable":true,"href":"https:\/\/ecophoto.cl\/index.php?rest_route=\/wp\/v2\/users\/2"}],"replies":[{"embeddable":true,"href":"https:\/\/ecophoto.cl\/index.php?rest_route=%2Fwp%2Fv2%2Fcomments&post=1086"}],"version-history":[{"count":12,"href":"https:\/\/ecophoto.cl\/index.php?rest_route=\/wp\/v2\/pages\/1086\/revisions"}],"predecessor-version":[{"id":2413,"href":"https:\/\/ecophoto.cl\/index.php?rest_route=\/wp\/v2\/pages\/1086\/revisions\/2413"}],"wp:attachment":[{"href":"https:\/\/ecophoto.cl\/index.php?rest_route=%2Fwp%2Fv2%2Fmedia&parent=1086"}],"curies":[{"name":"wp","href":"https:\/\/api.w.org\/{rel}","templated":true}]}}